{"id":1319,"date":"2024-07-26T14:06:50","date_gmt":"2024-07-26T12:06:50","guid":{"rendered":"https:\/\/makubezpieczenia.pl\/?page_id=1319"},"modified":"2025-04-23T14:38:05","modified_gmt":"2025-04-23T12:38:05","slug":"warunki-przetwarzania-danych-dla-formularza-reklamacji","status":"publish","type":"page","link":"https:\/\/makubezpieczenia.pl\/en\/warunki-przetwarzania-danych-dla-formularza-reklamacji\/","title":{"rendered":"Warunki przetwarzania danych dla formularza reklamacji"},"content":{"rendered":"<p class=\"m4070813836792816407xmsonormal\"><i>Informujemy Pani\u0105\/Pana, \u017ce wsp\u00f3\u0142administratorami danych s\u0105: MAK Ubezpieczenia Sp. z o.o. z siedzib\u0105 w Warszawie przy ul. Domaniewskiej 39, MAK International Sp. z o.o. z siedzib\u0105 w Warszawie przy ul. Domaniewskiej 39, STBU Brokerzy Ubezpieczeniowi Sp. z o.o. z siedzib\u0105 w Sopocie przy ul. Rzemie\u015blniczej 33, FST Management Sp. z o.o. z siedzib\u0105 w Toruniu przy ul. D\u0105browskiego 2, MAK Re Sp. z o.o. z siedzib\u0105 w Warszawie przy ul. Domaniewskiej 39, TC Broker Sp. z o.o. z siedzib\u0105 w Warszawie przy ul. Domaniewskiej 39, Versum Broker Sp. z o.o. z siedzib\u0105 w E\u0142ku przy ul. A. Mickiewicza 10A lok. 1U, Polski Holding Brokerski Sp. z o.o. z siedzib\u0105 w Warszawie przy ul. Domaniewskiej 39, <\/i><i>Quatrobrokers Sp. z o.o. z siedzib\u0105 w Kielcach przy ul. K. Olszewskiego 6, Legaltrans Sp. z o.o. z siedzib\u0105 w Warszawie przy ul. Domaniewskiej 39, MAK Wanicki Sp. z o.o. z siedzib\u0105 w Warszawie przy ul. Domaniewskiej 39, MAK IT Sp. z o.o. z siedzib\u0105 w Warszawie przy ul. Domaniewskiej 39, M\u00f3j Serwis Likwidacyjny Sp. z o.o. z siedzib\u0105 w Warszawie przy ul. Domaniewskiej 39, MAK Elio UADBB z siedzib\u0105 w Wilnie przy ul. L. Stuokos-Gucevi\u010diaus g. 7, MAK Macula s.r.o. z siedzib\u0105 w Warszawie przy ul. Domaniewskiej 39.<\/i><\/p>\n<p>&nbsp;<\/p>\n<p class=\"m4070813836792816407xmsonormal\"><i>Wsp\u00f3\u0142administratorzy danych osobowych wyznaczyli wsp\u00f3lnie inspektora ochrony danych, z kt\u00f3rym mo\u017cna si\u0119 skontaktowa\u0107 poprzez email <a href=\"mailto:iod@mak-investments.pl\" target=\"_blank\" rel=\"noopener\">iod@mak-investments.pl<\/a>, formularz kontaktowy pod adresem <a href=\"https:\/\/makubezpieczenia.pl\/en\/\" target=\"_blank\" rel=\"noopener\">www.makubezpieczenia.pl<\/a> lub pisemnie na adres siedziby kt\u00f3regokolwiek ze wsp\u00f3\u0142administrator\u00f3w. Pani\/Pana dane mog\u0105 by\u0107 przetwarzane w celu przyj\u0119cia Pan\/Pani reklamacji. Podstaw\u0105 prawn\u0105 przetwarzania danych jest niezb\u0119dno\u015b\u0107 do wype\u0142nienia obowi\u0105zku prawnego ci\u0105\u017c\u0105cego na administratorze \u2013 art. 4 ustawy o rozpatrywaniu reklamacji przez podmioty rynku finansowego i o Rzeczniku Finansowym. Pani\/Pana dane mog\u0105 ewentualnie by\u0107 przetwarzane w celu dochodzenia roszcze\u0144 zwi\u0105zanych ze zg\u0142oszon\u0105 reklamacj\u0105 \u2013 podstaw\u0105 prawn\u0105 przetwarzania danych jest niezb\u0119dno\u015b\u0107 przetwarzania do realizacji prawnie uzasadnionego interesu kt\u00f3regokolwiek z administrator\u00f3w; uzasadnionym interesem administratora jest mo\u017cliwo\u015b\u0107 dochodzenia przez niego roszcze\u0144. Pani\/Pana dane osobowe b\u0119d\u0105 przechowywane do momentu przedawnienia roszcze\u0144 zwi\u0105zanych ze z\u0142o\u017cona reklamacj\u0105. Pani\/Pana dane osobowe mog\u0105 by\u0107 udost\u0119pnione Zak\u0142adom Ubezpiecze\u0144. Przys\u0142uguje Pani\/Panu prawo dost\u0119pu do Pani\/Pana danych oraz prawo \u017c\u0105dania ich sprostowania, ich usuni\u0119cia lub ograniczenia ich przetwarzania. W zakresie, w jakim podstaw\u0105 przetwarzania Pani\/Pana danych osobowych jest przes\u0142anka prawnie uzasadnionego interesu wsp\u00f3\u0142administrator\u00f3w, przys\u0142uguje Pani\/Panu prawo wniesienia sprzeciwu wobec przetwarzania Pani\/Pana danych osobowych. W szczeg\u00f3lno\u015bci przys\u0142uguje Pani\/Panu prawo sprzeciwu wobec przetwarzania danych na potrzeby marketingu bezpo\u015bredniego oraz profilowania. Przys\u0142uguje Pani\/Panu r\u00f3wnie\u017c prawo wniesienia skargi do organu nadzorczego zajmuj\u0105cego si\u0119 ochron\u0105 danych osobowych.<\/i><\/p>\n<p>&nbsp;<\/p>\n<p class=\"m4070813836792816407xmsonormal\"><i>W celu skorzystania z powy\u017cszych praw nale\u017cy skontaktowa\u0107 si\u0119 z kt\u00f3rymkolwiek z administrator\u00f3w danych lub z inspektorem ochrony danych. Dane kontaktowe wskazane s\u0105 wy\u017cej Podanie danych osobowych jest dobrowolne, jednak\u017ce niezb\u0119dne do rozpatrzenia reklamacji.<\/i><\/p>","protected":false},"excerpt":{"rendered":"<p>Informujemy Pani\u0105\/Pana, \u017ce wsp\u00f3\u0142administratorami danych s\u0105: MAK Ubezpieczenia Sp. z o.o. z siedzib\u0105 w Warszawie przy ul. Domaniewskiej 39, MAK International Sp. z o.o. z siedzib\u0105 w Warszawie przy ul. Domaniewskiej 39, STBU Brokerzy Ubezpieczeniowi Sp. z o.o. z siedzib\u0105 w Sopocie przy ul. Rzemie\u015blniczej 33, FST Management Sp. z o.o. z siedzib\u0105 w Toruniu [&hellip;]<\/p>","protected":false},"author":7,"featured_media":0,"parent":0,"menu_order":0,"comment_status":"closed","ping_status":"closed","template":"","meta":{"_acf_changed":false,"footnotes":""},"class_list":["post-1319","page","type-page","status-publish","hentry"],"acf":[],"_links":{"self":[{"href":"https:\/\/makubezpieczenia.pl\/en\/wp-json\/wp\/v2\/pages\/1319","targetHints":{"allow":["GET"]}}],"collection":[{"href":"https:\/\/makubezpieczenia.pl\/en\/wp-json\/wp\/v2\/pages"}],"about":[{"href":"https:\/\/makubezpieczenia.pl\/en\/wp-json\/wp\/v2\/types\/page"}],"author":[{"embeddable":true,"href":"https:\/\/makubezpieczenia.pl\/en\/wp-json\/wp\/v2\/users\/7"}],"replies":[{"embeddable":true,"href":"https:\/\/makubezpieczenia.pl\/en\/wp-json\/wp\/v2\/comments?post=1319"}],"version-history":[{"count":4,"href":"https:\/\/makubezpieczenia.pl\/en\/wp-json\/wp\/v2\/pages\/1319\/revisions"}],"predecessor-version":[{"id":1625,"href":"https:\/\/makubezpieczenia.pl\/en\/wp-json\/wp\/v2\/pages\/1319\/revisions\/1625"}],"wp:attachment":[{"href":"https:\/\/makubezpieczenia.pl\/en\/wp-json\/wp\/v2\/media?parent=1319"}],"curies":[{"name":"wp","href":"https:\/\/api.w.org\/{rel}","templated":true}]}}